{"id":345,"date":"2020-03-24T19:35:34","date_gmt":"2020-03-24T18:35:34","guid":{"rendered":"https:\/\/jezerokut.hr\/josipova-jezicna-galerija\/?page_id=345"},"modified":"2025-05-05T15:55:31","modified_gmt":"2025-05-05T13:55:31","slug":"sedmi-razred","status":"publish","type":"page","link":"https:\/\/jezerokut.hr\/josipova-jezicna-galerija\/sedmi-razred\/","title":{"rendered":"Sedmi razred"},"content":{"rendered":"<p>[et_pb_section fb_built=&#8221;1&#8243; fullwidth=&#8221;on&#8221; _builder_version=&#8221;4.16&#8243; global_colors_info=&#8221;{}&#8221;][et_pb_fullwidth_code _builder_version=&#8221;4.27.4&#8243; _module_preset=&#8221;default&#8221; custom_margin=&#8221;55px||||false|false&#8221; custom_margin_last_edited=&#8221;on|phone&#8221; hover_enabled=&#8221;0&#8243; sticky_enabled=&#8221;0&#8243; custom_margin_tablet=&#8221;0px||||false|false&#8221; custom_margin_phone=&#8221;0px||||false|false&#8221;][\/et_pb_fullwidth_code][et_pb_fullwidth_header title=&#8221;NASTAVNI MATERIJALI&#8221; subhead=&#8221;7. RAZRED&#8221; _builder_version=&#8221;4.16&#8243; subhead_font_size=&#8221;64px&#8221; subhead_letter_spacing=&#8221;3px&#8221; content_link_font=&#8221;|700|||||||&#8221; content_link_text_color=&#8221;#FFFFFF&#8221; background_enable_color=&#8221;off&#8221; use_background_color_gradient=&#8221;on&#8221; background_color_gradient_stops=&#8221;#003bde 0%|#58d0ff 100%&#8221; background_color_gradient_start=&#8221;#003bde&#8221; background_color_gradient_end=&#8221;#58d0ff&#8221; title_font_size_tablet=&#8221;&#8221; title_font_size_phone=&#8221;24px&#8221; title_font_size_last_edited=&#8221;on|phone&#8221; subhead_font_size_tablet=&#8221;52px&#8221; subhead_font_size_phone=&#8221;36px&#8221; subhead_font_size_last_edited=&#8221;on|phone&#8221; content_link_font_last_edited=&#8221;off|desktop&#8221; custom_css_title=&#8221;padding-bottom:30px;&#8221; global_colors_info=&#8221;{}&#8221; content_link_text_color__hover_enabled=&#8221;on|hover&#8221; content_link_text_color__hover=&#8221;#EDF000&#8243;]<\/p>\n<p>&nbsp;<\/p>\n<p>Odabir razreda:\u00a0 \u00a0<a href=\"https:\/\/jezerokut.hr\/josipova-jezicna-galerija\/peti-razred\/\">5.<\/a>\u00a0 \u00a0<a href=\"\/josipova-jezicna-galerija\/sesti-razred\">6.<\/a>\u00a0 \u00a0<a href=\"\/josipova-jezicna-galerija\/sedmi-razred\">7.<\/a>\u00a0 \u00a0<a href=\"\/josipova-jezicna-galerija\/osmi-razred\">8.<\/a><\/p>\n<p>[\/et_pb_fullwidth_header][\/et_pb_section][et_pb_section fb_built=&#8221;1&#8243; _builder_version=&#8221;4.16&#8243; custom_margin=&#8221;||-41px|||&#8221; custom_padding=&#8221;0px||14px|||&#8221; bottom_divider_style=&#8221;waves&#8221; bottom_divider_color=&#8221;#061b3f&#8221; global_colors_info=&#8221;{}&#8221;][et_pb_row _builder_version=&#8221;4.16&#8243; custom_padding=&#8221;35px|||||&#8221; global_colors_info=&#8221;{}&#8221;][et_pb_column type=&#8221;4_4&#8243; _builder_version=&#8221;4.16&#8243; global_colors_info=&#8221;{}&#8221;][et_pb_text _builder_version=&#8221;4.16&#8243; global_colors_info=&#8221;{}&#8221;]Nastavni materijali nalaze se na vanjskim poveznicama u obliku PPT prezentracija. Pretra\u017eite ih i slobodno preuzmite![\/et_pb_text][et_pb_filterable_portfolio fullwidth=&#8221;off&#8221; posts_number=&#8221;100&#8243; include_categories=&#8221;41,50,45,108&#8243; hover_icon=&#8221;&#x6c;||divi||400&#8243; _builder_version=&#8221;4.16&#8243; filter_text_color=&#8221;#0C71C3&#8243; filter_font_size=&#8221;17px&#8221; filter_line_height=&#8221;1.1em&#8221; global_colors_info=&#8221;{}&#8221;][\/et_pb_filterable_portfolio][\/et_pb_column][\/et_pb_row][et_pb_row disabled_on=&#8221;off|off|off&#8221; admin_label=&#8221;PODR\u017dITE AUTORICE&#8221; module_id=&#8221;podrzite-autorice&#8221; _builder_version=&#8221;4.16&#8243; custom_margin=&#8221;||||false|false&#8221; custom_padding=&#8221;40px|0px|0px|0px|false|false&#8221; global_colors_info=&#8221;{}&#8221;][et_pb_column type=&#8221;4_4&#8243; _builder_version=&#8221;4.16&#8243; custom_padding=&#8221;|||&#8221; global_colors_info=&#8221;{}&#8221; custom_padding__hover=&#8221;|||&#8221;][et_pb_cta title=&#8221;Podr\u017eite autorice&#8221; url_new_window=&#8221;on&#8221; _builder_version=&#8221;4.27.4&#8243; header_font=&#8221;||||||||&#8221; header_text_color=&#8221;#116ca0&#8243; header_font_size=&#8221;30px&#8221; header_line_height=&#8221;1.4em&#8221; body_font=&#8221;Montserrat|300|||||||&#8221; body_font_size=&#8221;16px&#8221; body_line_height=&#8221;2em&#8221; background_color=&#8221;#003bde&#8221; use_background_color_gradient=&#8221;on&#8221; background_color_gradient_direction=&#8221;160deg&#8221; background_color_gradient_stops=&#8221;#ffffff 0%|#fcfcfc 100%&#8221; background_color_gradient_start=&#8221;#ffffff&#8221; background_color_gradient_end=&#8221;#fcfcfc&#8221; custom_button=&#8221;on&#8221; button_text_size=&#8221;14px&#8221; button_text_color=&#8221;#003bde&#8221; button_bg_color=&#8221;rgba(0,59,222,0.09)&#8221; button_border_width=&#8221;10px&#8221; button_border_color=&#8221;rgba(0,0,0,0)&#8221; button_border_radius=&#8221;4px&#8221; button_letter_spacing=&#8221;1px&#8221; button_font=&#8221;Montserrat|||on|||||&#8221; position_origin_a=&#8221;top_center&#8221; z_index=&#8221;500&#8243; background_layout=&#8221;light&#8221; width=&#8221;100%&#8221; custom_margin=&#8221;|||&#8221; custom_padding=&#8221;|15%||15%||true&#8221; animation_style=&#8221;slide&#8221; animation_direction=&#8221;left&#8221; animation_intensity_slide=&#8221;2%&#8221; header_font_size_tablet=&#8221;30px&#8221; header_font_size_phone=&#8221;24px&#8221; header_font_size_last_edited=&#8221;on|desktop&#8221; border_radii=&#8221;on|10px|10px|10px|10px&#8221; box_shadow_style=&#8221;preset3&#8243; box_shadow_vertical=&#8221;0px&#8221; box_shadow_blur=&#8221;140px&#8221; box_shadow_spread=&#8221;-20px&#8221; box_shadow_color=&#8221;rgba(55,104,238,0.4)&#8221; button_border_radius_hover=&#8221;4px&#8221; button_letter_spacing_hover=&#8221;1px&#8221; button_bg_color_hover=&#8221;rgba(0,59,222,0.18)&#8221; global_colors_info=&#8221;{}&#8221; button_text_size__hover_enabled=&#8221;off&#8221; button_one_text_size__hover_enabled=&#8221;off&#8221; button_two_text_size__hover_enabled=&#8221;off&#8221; button_text_color__hover_enabled=&#8221;off&#8221; button_one_text_color__hover_enabled=&#8221;off&#8221; button_two_text_color__hover_enabled=&#8221;off&#8221; button_border_width__hover_enabled=&#8221;off&#8221; button_one_border_width__hover_enabled=&#8221;off&#8221; button_two_border_width__hover_enabled=&#8221;off&#8221; button_border_color__hover_enabled=&#8221;off&#8221; button_one_border_color__hover_enabled=&#8221;off&#8221; button_two_border_color__hover_enabled=&#8221;off&#8221; button_border_radius__hover_enabled=&#8221;on&#8221; button_border_radius__hover=&#8221;4px&#8221; button_one_border_radius__hover_enabled=&#8221;off&#8221; button_two_border_radius__hover_enabled=&#8221;off&#8221; button_letter_spacing__hover_enabled=&#8221;on&#8221; button_letter_spacing__hover=&#8221;1px&#8221; button_one_letter_spacing__hover_enabled=&#8221;off&#8221; button_two_letter_spacing__hover_enabled=&#8221;off&#8221; button_bg_color__hover_enabled=&#8221;on&#8221; button_bg_color__hover=&#8221;rgba(0,59,222,0.18)&#8221; button_one_bg_color__hover_enabled=&#8221;off&#8221; button_two_bg_color__hover_enabled=&#8221;off&#8221;]<\/p>\n<p>Josipov jezi\u010dni portal pripremljen je i odr\u017eava se u potpunosti na volonterskoj bazi. Ponu\u0111eni nastavni materijali su svi <strong>besplatni<\/strong>.\u00a0\u017delite li podr\u017eati autorice i pomo\u0107i u radu portala, mo\u017eete to u\u010diniti na sljede\u0107e na\u010dine:<\/p>\n<ul>\n<li><strong>profesori i nastavnici hrvatskog jezika<\/strong>: slobodno nam pi\u0161ite i \u0161aljite svoje nastavne materijale za koje smatrate da su kvalitetni i da bi mogli drugima biti od koristi<\/li>\n<li><strong>roditelji i ostali korisnici portala<\/strong>, donacijama na ra\u010dun udruge Jezerokut poma\u017eete nam s tro\u0161kovima pripreme nastavnih materijala, hostinga i odr\u017eavanja mre\u017enih stranica<\/li>\n<\/ul>\n<p>Donirati mozete na racun: <strong>HR9824840081135414140<\/strong><br \/>ili jos jednostavnije skeniranjem QR koda u vasoj aplikaciji mobilnog bankarstva<\/p>\n<p><a href=\"https:\/\/jezerokut.hr\/josipova-jezicna-galerija\/wp-content\/uploads\/sites\/3\/2025\/05\/QR-kod-jezerokut.png\"><img loading=\"lazy\" decoding=\"async\" src=\"https:\/\/jezerokut.hr\/josipova-jezicna-galerija\/wp-content\/uploads\/sites\/3\/2025\/05\/QR-kod-jezerokut.png\" width=\"282\" height=\"128\" alt=\"\" class=\"wp-image-2428 alignnone size-full\" \/><\/a><\/p>\n<p>Hvala vam na podr\u0161ci i dosada\u0161njim pozitivnim komentarima!<\/p>\n<p>[\/et_pb_cta][\/et_pb_column][\/et_pb_row][\/et_pb_section]<\/p>\n","protected":false},"excerpt":{"rendered":"<p>&nbsp; Odabir razreda:\u00a0 \u00a05.\u00a0 \u00a06.\u00a0 \u00a07.\u00a0 \u00a08.Nastavni materijali nalaze se na vanjskim poveznicama u obliku PPT prezentracija. Pretra\u017eite ih i slobodno preuzmite!Josipov jezi\u010dni portal pripremljen je i odr\u017eava se u potpunosti na volonterskoj bazi. Ponu\u0111eni nastavni materijali su svi besplatni.\u00a0\u017delite li podr\u017eati autorice i pomo\u0107i u radu portala, mo\u017eete to u\u010diniti na sljede\u0107e na\u010dine: profesori [&hellip;]<\/p>\n","protected":false},"author":1,"featured_media":0,"parent":0,"menu_order":0,"comment_status":"closed","ping_status":"closed","template":"","meta":{"_et_pb_use_builder":"on","_et_pb_old_content":"","_et_gb_content_width":"","footnotes":""},"class_list":["post-345","page","type-page","status-publish","hentry"],"_links":{"self":[{"href":"https:\/\/jezerokut.hr\/josipova-jezicna-galerija\/wp-json\/wp\/v2\/pages\/345","targetHints":{"allow":["GET"]}}],"collection":[{"href":"https:\/\/jezerokut.hr\/josipova-jezicna-galerija\/wp-json\/wp\/v2\/pages"}],"about":[{"href":"https:\/\/jezerokut.hr\/josipova-jezicna-galerija\/wp-json\/wp\/v2\/types\/page"}],"author":[{"embeddable":true,"href":"https:\/\/jezerokut.hr\/josipova-jezicna-galerija\/wp-json\/wp\/v2\/users\/1"}],"replies":[{"embeddable":true,"href":"https:\/\/jezerokut.hr\/josipova-jezicna-galerija\/wp-json\/wp\/v2\/comments?post=345"}],"version-history":[{"count":12,"href":"https:\/\/jezerokut.hr\/josipova-jezicna-galerija\/wp-json\/wp\/v2\/pages\/345\/revisions"}],"predecessor-version":[{"id":2467,"href":"https:\/\/jezerokut.hr\/josipova-jezicna-galerija\/wp-json\/wp\/v2\/pages\/345\/revisions\/2467"}],"wp:attachment":[{"href":"https:\/\/jezerokut.hr\/josipova-jezicna-galerija\/wp-json\/wp\/v2\/media?parent=345"}],"curies":[{"name":"wp","href":"https:\/\/api.w.org\/{rel}","templated":true}]}}